{"id":106,"date":"2023-12-19T15:44:02","date_gmt":"2023-12-19T14:44:02","guid":{"rendered":"http:\/\/brisoplants.com\/?page_id=106"},"modified":"2023-12-21T16:08:26","modified_gmt":"2023-12-21T15:08:26","slug":"produccion","status":"publish","type":"page","link":"https:\/\/brisoplants.com\/en\/produccion\/","title":{"rendered":"Production"},"content":{"rendered":"\t\t<div data-elementor-type=\"wp-page\" data-elementor-id=\"106\" class=\"elementor elementor-106\" data-elementor-post-type=\"page\">\n\t\t\t\t<div class=\"elementor-element elementor-element-5f0dbf9 e-con-full e-flex e-con e-parent\" data-id=\"5f0dbf9\" data-element_type=\"container\" data-e-type=\"container\" data-settings=\"{&quot;background_background&quot;:&quot;classic&quot;}\">\n\t\t<div class=\"elementor-element elementor-element-b195dba e-con-full e-flex e-con e-child\" data-id=\"b195dba\" data-element_type=\"container\" data-e-type=\"container\">\n\t\t\t\t<div class=\"elementor-element elementor-element-f467382 elementor-widget__width-initial reveal-text elementor-invisible elementor-widget elementor-widget-heading\" data-id=\"f467382\" data-element_type=\"widget\" data-e-type=\"widget\" data-settings=\"{&quot;motion_fx_motion_fx_scrolling&quot;:&quot;yes&quot;,&quot;motion_fx_translateY_effect&quot;:&quot;yes&quot;,&quot;motion_fx_translateY_direction&quot;:&quot;negative&quot;,&quot;motion_fx_translateY_speed&quot;:{&quot;unit&quot;:&quot;px&quot;,&quot;size&quot;:2,&quot;sizes&quot;:[]},&quot;_animation&quot;:&quot;fadeIn&quot;,&quot;motion_fx_translateY_affectedRange&quot;:{&quot;unit&quot;:&quot;%&quot;,&quot;size&quot;:&quot;&quot;,&quot;sizes&quot;:{&quot;start&quot;:0,&quot;end&quot;:100}},&quot;motion_fx_devices&quot;:[&quot;desktop&quot;,&quot;tablet&quot;,&quot;mobile&quot;]}\" data-widget_type=\"heading.default\">\n\t\t\t\t<div class=\"elementor-widget-container\">\n\t\t\t\t\t<h2 class=\"elementor-heading-title elementor-size-default\">Producci\u00f3n<\/h2>\t\t\t\t<\/div>\n\t\t\t\t<\/div>\n\t\t\t\t<\/div>\n\t\t<div class=\"elementor-element elementor-element-578f1cf e-con-full e-flex e-con e-child\" data-id=\"578f1cf\" data-element_type=\"container\" data-e-type=\"container\">\n\t\t\t\t<div class=\"elementor-element elementor-element-03bb739 elementor-widget__width-initial elementor-invisible elementor-widget elementor-widget-heading\" data-id=\"03bb739\" data-element_type=\"widget\" data-e-type=\"widget\" data-settings=\"{&quot;_animation&quot;:&quot;fadeInUp&quot;}\" data-widget_type=\"heading.default\">\n\t\t\t\t<div class=\"elementor-widget-container\">\n\t\t\t\t\t<h2 class=\"elementor-heading-title elementor-size-default\">En nuestras instalaciones en Tenerife, efectuamos una labor de control y cuidado constante de nuestra producci\u00f3n. <\/h2>\t\t\t\t<\/div>\n\t\t\t\t<\/div>\n\t\t\t\t<\/div>\n\t\t\t\t<\/div>\n\t\t<div class=\"elementor-element elementor-element-f05a36f e-con-full e-flex e-con e-parent\" data-id=\"f05a36f\" data-element_type=\"container\" data-e-type=\"container\" data-settings=\"{&quot;background_background&quot;:&quot;classic&quot;}\">\n\t\t<div class=\"elementor-element elementor-element-348b40f e-con-full e-flex e-con e-child\" data-id=\"348b40f\" data-element_type=\"container\" data-e-type=\"container\" data-settings=\"{&quot;background_background&quot;:&quot;classic&quot;}\">\n\t\t\t\t<div class=\"elementor-element elementor-element-09c16e3 agl agl-wipeCSS agl-in-duration-1000 agl-in-delay-0 agl-in-distance-1 elementor-widget elementor-widget-image\" data-id=\"09c16e3\" data-element_type=\"widget\" data-e-type=\"widget\" data-settings=\"{&quot;agl_in_name&quot;:&quot;wipeCSS&quot;,&quot;agl_in_duration&quot;:{&quot;unit&quot;:&quot;ms&quot;,&quot;size&quot;:1000,&quot;sizes&quot;:[]},&quot;agl_in_delay&quot;:{&quot;unit&quot;:&quot;ms&quot;,&quot;size&quot;:0,&quot;sizes&quot;:[]},&quot;agl_in_distance&quot;:{&quot;unit&quot;:&quot;ms&quot;,&quot;size&quot;:1,&quot;sizes&quot;:[]},&quot;agl_in_repeat&quot;:&quot;no&quot;,&quot;agl_in_lockToScrollbar&quot;:&quot;no&quot;}\" data-widget_type=\"image.default\">\n\t\t\t\t<div class=\"elementor-widget-container\">\n\t\t\t\t\t\t\t\t\t\t\t\t\t\t\t<img fetchpriority=\"high\" decoding=\"async\" width=\"652\" height=\"1024\" src=\"https:\/\/brisoplants.com\/wp-content\/uploads\/2023\/12\/1foto-coleccion-cactus-652x1024.jpg\" class=\"attachment-large size-large wp-image-131\" alt=\"\" srcset=\"https:\/\/brisoplants.com\/wp-content\/uploads\/2023\/12\/1foto-coleccion-cactus-652x1024.jpg 652w, https:\/\/brisoplants.com\/wp-content\/uploads\/2023\/12\/1foto-coleccion-cactus-191x300.jpg 191w, https:\/\/brisoplants.com\/wp-content\/uploads\/2023\/12\/1foto-coleccion-cactus-768x1205.jpg 768w, https:\/\/brisoplants.com\/wp-content\/uploads\/2023\/12\/1foto-coleccion-cactus.jpg 955w\" sizes=\"(max-width: 652px) 100vw, 652px\" \/>\t\t\t\t\t\t\t\t\t\t\t\t\t\t\t<\/div>\n\t\t\t\t<\/div>\n\t\t\t\t<div class=\"elementor-element elementor-element-26d2e3d agl agl-wipeCSS agl-in-duration-1000 agl-in-delay-0 agl-in-distance-1 elementor-widget elementor-widget-image\" data-id=\"26d2e3d\" data-element_type=\"widget\" data-e-type=\"widget\" data-settings=\"{&quot;agl_in_name&quot;:&quot;wipeCSS&quot;,&quot;agl_in_duration&quot;:{&quot;unit&quot;:&quot;ms&quot;,&quot;size&quot;:1000,&quot;sizes&quot;:[]},&quot;agl_in_delay&quot;:{&quot;unit&quot;:&quot;ms&quot;,&quot;size&quot;:0,&quot;sizes&quot;:[]},&quot;agl_in_distance&quot;:{&quot;unit&quot;:&quot;ms&quot;,&quot;size&quot;:1,&quot;sizes&quot;:[]},&quot;agl_in_repeat&quot;:&quot;no&quot;,&quot;agl_in_lockToScrollbar&quot;:&quot;no&quot;}\" data-widget_type=\"image.default\">\n\t\t\t\t<div class=\"elementor-widget-container\">\n\t\t\t\t\t\t\t\t\t\t\t\t\t\t\t<img decoding=\"async\" width=\"652\" height=\"1024\" src=\"https:\/\/brisoplants.com\/wp-content\/uploads\/2023\/12\/1foto-coleccion-catus-2-652x1024.jpg\" class=\"attachment-large size-large wp-image-130\" alt=\"\" srcset=\"https:\/\/brisoplants.com\/wp-content\/uploads\/2023\/12\/1foto-coleccion-catus-2-652x1024.jpg 652w, https:\/\/brisoplants.com\/wp-content\/uploads\/2023\/12\/1foto-coleccion-catus-2-191x300.jpg 191w, https:\/\/brisoplants.com\/wp-content\/uploads\/2023\/12\/1foto-coleccion-catus-2-768x1205.jpg 768w, https:\/\/brisoplants.com\/wp-content\/uploads\/2023\/12\/1foto-coleccion-catus-2.jpg 955w\" sizes=\"(max-width: 652px) 100vw, 652px\" \/>\t\t\t\t\t\t\t\t\t\t\t\t\t\t\t<\/div>\n\t\t\t\t<\/div>\n\t\t\t\t<\/div>\n\t\t<div class=\"elementor-element elementor-element-6533bd4 e-con-full e-flex e-con e-child\" data-id=\"6533bd4\" data-element_type=\"container\" data-e-type=\"container\">\n\t\t\t\t<div class=\"elementor-element elementor-element-7c9924a reveal-text elementor-widget elementor-widget-text-editor\" data-id=\"7c9924a\" data-element_type=\"widget\" data-e-type=\"widget\" data-settings=\"{&quot;motion_fx_motion_fx_scrolling&quot;:&quot;yes&quot;,&quot;motion_fx_translateY_effect&quot;:&quot;yes&quot;,&quot;motion_fx_translateY_direction&quot;:&quot;negative&quot;,&quot;motion_fx_translateY_speed&quot;:{&quot;unit&quot;:&quot;px&quot;,&quot;size&quot;:0.5,&quot;sizes&quot;:[]},&quot;motion_fx_translateY_affectedRange&quot;:{&quot;unit&quot;:&quot;%&quot;,&quot;size&quot;:&quot;&quot;,&quot;sizes&quot;:{&quot;start&quot;:0,&quot;end&quot;:100}},&quot;motion_fx_devices&quot;:[&quot;desktop&quot;,&quot;tablet&quot;,&quot;mobile&quot;]}\" data-widget_type=\"text-editor.default\">\n\t\t\t\t<div class=\"elementor-widget-container\">\n\t\t\t\t\t\t\t\t\t<p>Controlamos su desarrollo desde la siembra hasta la venta de la planta a tama\u00f1o comercial.<\/p>\t\t\t\t\t\t\t\t<\/div>\n\t\t\t\t<\/div>\n\t\t\t\t<\/div>\n\t\t\t\t<\/div>\n\t\t<div class=\"elementor-element elementor-element-5b5479f e-con-full e-flex e-con e-parent\" data-id=\"5b5479f\" data-element_type=\"container\" data-e-type=\"container\" data-settings=\"{&quot;background_background&quot;:&quot;classic&quot;}\">\n\t\t<div class=\"elementor-element elementor-element-c59c032 e-con-full e-flex e-con e-child\" data-id=\"c59c032\" data-element_type=\"container\" data-e-type=\"container\">\n\t\t\t\t<div class=\"elementor-element elementor-element-1cb7013 agl agl-wipeCSS agl-in-duration-1000 agl-in-delay-0 agl-in-distance-1 elementor-widget elementor-widget-image\" data-id=\"1cb7013\" data-element_type=\"widget\" data-e-type=\"widget\" data-settings=\"{&quot;agl_in_name&quot;:&quot;wipeCSS&quot;,&quot;agl_in_duration&quot;:{&quot;unit&quot;:&quot;ms&quot;,&quot;size&quot;:1000,&quot;sizes&quot;:[]},&quot;agl_in_delay&quot;:{&quot;unit&quot;:&quot;ms&quot;,&quot;size&quot;:0,&quot;sizes&quot;:[]},&quot;agl_in_distance&quot;:{&quot;unit&quot;:&quot;ms&quot;,&quot;size&quot;:1,&quot;sizes&quot;:[]},&quot;agl_in_repeat&quot;:&quot;no&quot;,&quot;agl_in_lockToScrollbar&quot;:&quot;no&quot;}\" data-widget_type=\"image.default\">\n\t\t\t\t<div class=\"elementor-widget-container\">\n\t\t\t\t\t\t\t\t\t\t\t\t\t\t\t<img decoding=\"async\" width=\"800\" height=\"450\" src=\"https:\/\/brisoplants.com\/wp-content\/uploads\/2023\/12\/foto-plantas-produccion-2-1024x576.jpg\" class=\"attachment-large size-large wp-image-132\" alt=\"\" srcset=\"https:\/\/brisoplants.com\/wp-content\/uploads\/2023\/12\/foto-plantas-produccion-2-1024x576.jpg 1024w, https:\/\/brisoplants.com\/wp-content\/uploads\/2023\/12\/foto-plantas-produccion-2-300x169.jpg 300w, https:\/\/brisoplants.com\/wp-content\/uploads\/2023\/12\/foto-plantas-produccion-2-768x432.jpg 768w, https:\/\/brisoplants.com\/wp-content\/uploads\/2023\/12\/foto-plantas-produccion-2-1536x864.jpg 1536w, https:\/\/brisoplants.com\/wp-content\/uploads\/2023\/12\/foto-plantas-produccion-2.jpg 1600w\" sizes=\"(max-width: 800px) 100vw, 800px\" \/>\t\t\t\t\t\t\t\t\t\t\t\t\t\t\t<\/div>\n\t\t\t\t<\/div>\n\t\t\t\t<\/div>\n\t\t<div class=\"elementor-element elementor-element-95ef4a1 e-con-full e-flex e-con e-child\" data-id=\"95ef4a1\" data-element_type=\"container\" data-e-type=\"container\">\n\t\t\t\t<div class=\"elementor-element elementor-element-199edf5 elementor-widget-tablet__width-initial reveal-text elementor-widget elementor-widget-text-editor\" data-id=\"199edf5\" data-element_type=\"widget\" data-e-type=\"widget\" data-settings=\"{&quot;motion_fx_motion_fx_scrolling&quot;:&quot;yes&quot;,&quot;motion_fx_translateY_effect&quot;:&quot;yes&quot;,&quot;motion_fx_translateY_direction&quot;:&quot;negative&quot;,&quot;motion_fx_translateY_speed&quot;:{&quot;unit&quot;:&quot;px&quot;,&quot;size&quot;:0.5,&quot;sizes&quot;:[]},&quot;motion_fx_translateY_affectedRange&quot;:{&quot;unit&quot;:&quot;%&quot;,&quot;size&quot;:&quot;&quot;,&quot;sizes&quot;:{&quot;start&quot;:0,&quot;end&quot;:100}},&quot;motion_fx_devices&quot;:[&quot;desktop&quot;,&quot;tablet&quot;,&quot;mobile&quot;]}\" data-widget_type=\"text-editor.default\">\n\t\t\t\t<div class=\"elementor-widget-container\">\n\t\t\t\t\t\t\t\t\tSeleccionando los mejores espec\u00edmenes para nuestros clientes, tratando de buscar su satisfacci\u00f3n ofreciendo calidad del producto y el servicio de venta y log\u00edstica.\n\t\t\t\t\t\t\t\t<\/div>\n\t\t\t\t<\/div>\n\t\t\t\t<\/div>\n\t\t\t\t<\/div>\n\t\t\t\t<\/div>\n\t\t","protected":false},"excerpt":{"rendered":"<p>Producci\u00f3n En nuestras instalaciones en Tenerife, efectuamos una labor de control y cuidado constante de nuestra producci\u00f3n. Controlamos su desarrollo desde la siembra hasta la venta de la planta a tama\u00f1o comercial. Seleccionando los mejores espec\u00edmenes para nuestros clientes, tratando de buscar su satisfacci\u00f3n ofreciendo calidad del producto y el servicio de venta y log\u00edstica.<\/p>","protected":false},"author":2,"featured_media":0,"parent":0,"menu_order":0,"comment_status":"closed","ping_status":"closed","template":"","meta":{"footnotes":""},"class_list":["post-106","page","type-page","status-publish","hentry"],"yoast_head":"<!-- This site is optimized with the Yoast SEO plugin v27.5 - https:\/\/yoast.com\/product\/yoast-seo-wordpress\/ -->\n<title>Producci\u00f3n - Briso Plants<\/title>\n<meta name=\"robots\" content=\"index, follow, max-snippet:-1, max-image-preview:large, max-video-preview:-1\" \/>\n<link rel=\"canonical\" href=\"https:\/\/brisoplants.com\/en\/produccion\/\" \/>\n<meta property=\"og:locale\" content=\"en_GB\" \/>\n<meta property=\"og:type\" content=\"article\" \/>\n<meta property=\"og:title\" content=\"Producci\u00f3n - Briso Plants\" \/>\n<meta property=\"og:description\" content=\"Producci\u00f3n En nuestras instalaciones en Tenerife, efectuamos una labor de control y cuidado constante de nuestra producci\u00f3n. Controlamos su desarrollo desde la siembra hasta la venta de la planta a tama\u00f1o comercial. Seleccionando los mejores espec\u00edmenes para nuestros clientes, tratando de buscar su satisfacci\u00f3n ofreciendo calidad del producto y el servicio de venta y log\u00edstica.\" \/>\n<meta property=\"og:url\" content=\"https:\/\/brisoplants.com\/en\/produccion\/\" \/>\n<meta property=\"og:site_name\" content=\"Briso Plants\" \/>\n<meta property=\"article:modified_time\" content=\"2023-12-21T15:08:26+00:00\" \/>\n<meta property=\"og:image\" content=\"https:\/\/brisoplants.com\/wp-content\/uploads\/2023\/12\/1foto-coleccion-cactus-652x1024.jpg\" \/>\n<meta name=\"twitter:card\" content=\"summary_large_image\" \/>\n<script type=\"application\/ld+json\" class=\"yoast-schema-graph\">{\"@context\":\"https:\\\/\\\/schema.org\",\"@graph\":[{\"@type\":\"WebPage\",\"@id\":\"https:\\\/\\\/brisoplants.com\\\/produccion\\\/\",\"url\":\"https:\\\/\\\/brisoplants.com\\\/produccion\\\/\",\"name\":\"Producci\u00f3n - Briso Plants\",\"isPartOf\":{\"@id\":\"https:\\\/\\\/brisoplants.com\\\/#website\"},\"primaryImageOfPage\":{\"@id\":\"https:\\\/\\\/brisoplants.com\\\/produccion\\\/#primaryimage\"},\"image\":{\"@id\":\"https:\\\/\\\/brisoplants.com\\\/produccion\\\/#primaryimage\"},\"thumbnailUrl\":\"https:\\\/\\\/brisoplants.com\\\/wp-content\\\/uploads\\\/2023\\\/12\\\/1foto-coleccion-cactus-652x1024.jpg\",\"datePublished\":\"2023-12-19T14:44:02+00:00\",\"dateModified\":\"2023-12-21T15:08:26+00:00\",\"breadcrumb\":{\"@id\":\"https:\\\/\\\/brisoplants.com\\\/produccion\\\/#breadcrumb\"},\"inLanguage\":\"en-GB\",\"potentialAction\":[{\"@type\":\"ReadAction\",\"target\":[\"https:\\\/\\\/brisoplants.com\\\/produccion\\\/\"]}]},{\"@type\":\"ImageObject\",\"inLanguage\":\"en-GB\",\"@id\":\"https:\\\/\\\/brisoplants.com\\\/produccion\\\/#primaryimage\",\"url\":\"https:\\\/\\\/brisoplants.com\\\/wp-content\\\/uploads\\\/2023\\\/12\\\/1foto-coleccion-cactus-652x1024.jpg\",\"contentUrl\":\"https:\\\/\\\/brisoplants.com\\\/wp-content\\\/uploads\\\/2023\\\/12\\\/1foto-coleccion-cactus-652x1024.jpg\"},{\"@type\":\"BreadcrumbList\",\"@id\":\"https:\\\/\\\/brisoplants.com\\\/produccion\\\/#breadcrumb\",\"itemListElement\":[{\"@type\":\"ListItem\",\"position\":1,\"name\":\"Portada\",\"item\":\"https:\\\/\\\/brisoplants.com\\\/\"},{\"@type\":\"ListItem\",\"position\":2,\"name\":\"Producci\u00f3n\"}]},{\"@type\":\"WebSite\",\"@id\":\"https:\\\/\\\/brisoplants.com\\\/#website\",\"url\":\"https:\\\/\\\/brisoplants.com\\\/\",\"name\":\"Briso Plants\",\"description\":\"Productor de cactus, suculentas y euphorbias\",\"publisher\":{\"@id\":\"https:\\\/\\\/brisoplants.com\\\/#organization\"},\"potentialAction\":[{\"@type\":\"SearchAction\",\"target\":{\"@type\":\"EntryPoint\",\"urlTemplate\":\"https:\\\/\\\/brisoplants.com\\\/?s={search_term_string}\"},\"query-input\":{\"@type\":\"PropertyValueSpecification\",\"valueRequired\":true,\"valueName\":\"search_term_string\"}}],\"inLanguage\":\"en-GB\"},{\"@type\":\"Organization\",\"@id\":\"https:\\\/\\\/brisoplants.com\\\/#organization\",\"name\":\"Briso Plants\",\"url\":\"https:\\\/\\\/brisoplants.com\\\/\",\"logo\":{\"@type\":\"ImageObject\",\"inLanguage\":\"en-GB\",\"@id\":\"https:\\\/\\\/brisoplants.com\\\/#\\\/schema\\\/logo\\\/image\\\/\",\"url\":\"https:\\\/\\\/brisoplants.com\\\/wp-content\\\/uploads\\\/2023\\\/12\\\/logo-briso-plants.png\",\"contentUrl\":\"https:\\\/\\\/brisoplants.com\\\/wp-content\\\/uploads\\\/2023\\\/12\\\/logo-briso-plants.png\",\"width\":1121,\"height\":351,\"caption\":\"Briso Plants\"},\"image\":{\"@id\":\"https:\\\/\\\/brisoplants.com\\\/#\\\/schema\\\/logo\\\/image\\\/\"}}]}<\/script>\n<!-- \/ Yoast SEO plugin. -->","yoast_head_json":{"title":"Producci\u00f3n - Briso Plants","robots":{"index":"index","follow":"follow","max-snippet":"max-snippet:-1","max-image-preview":"max-image-preview:large","max-video-preview":"max-video-preview:-1"},"canonical":"https:\/\/brisoplants.com\/en\/produccion\/","og_locale":"en_GB","og_type":"article","og_title":"Producci\u00f3n - Briso Plants","og_description":"Producci\u00f3n En nuestras instalaciones en Tenerife, efectuamos una labor de control y cuidado constante de nuestra producci\u00f3n. Controlamos su desarrollo desde la siembra hasta la venta de la planta a tama\u00f1o comercial. Seleccionando los mejores espec\u00edmenes para nuestros clientes, tratando de buscar su satisfacci\u00f3n ofreciendo calidad del producto y el servicio de venta y log\u00edstica.","og_url":"https:\/\/brisoplants.com\/en\/produccion\/","og_site_name":"Briso Plants","article_modified_time":"2023-12-21T15:08:26+00:00","og_image":[{"url":"https:\/\/brisoplants.com\/wp-content\/uploads\/2023\/12\/1foto-coleccion-cactus-652x1024.jpg","type":"","width":"","height":""}],"twitter_card":"summary_large_image","schema":{"@context":"https:\/\/schema.org","@graph":[{"@type":"WebPage","@id":"https:\/\/brisoplants.com\/produccion\/","url":"https:\/\/brisoplants.com\/produccion\/","name":"Producci\u00f3n - Briso Plants","isPartOf":{"@id":"https:\/\/brisoplants.com\/#website"},"primaryImageOfPage":{"@id":"https:\/\/brisoplants.com\/produccion\/#primaryimage"},"image":{"@id":"https:\/\/brisoplants.com\/produccion\/#primaryimage"},"thumbnailUrl":"https:\/\/brisoplants.com\/wp-content\/uploads\/2023\/12\/1foto-coleccion-cactus-652x1024.jpg","datePublished":"2023-12-19T14:44:02+00:00","dateModified":"2023-12-21T15:08:26+00:00","breadcrumb":{"@id":"https:\/\/brisoplants.com\/produccion\/#breadcrumb"},"inLanguage":"en-GB","potentialAction":[{"@type":"ReadAction","target":["https:\/\/brisoplants.com\/produccion\/"]}]},{"@type":"ImageObject","inLanguage":"en-GB","@id":"https:\/\/brisoplants.com\/produccion\/#primaryimage","url":"https:\/\/brisoplants.com\/wp-content\/uploads\/2023\/12\/1foto-coleccion-cactus-652x1024.jpg","contentUrl":"https:\/\/brisoplants.com\/wp-content\/uploads\/2023\/12\/1foto-coleccion-cactus-652x1024.jpg"},{"@type":"BreadcrumbList","@id":"https:\/\/brisoplants.com\/produccion\/#breadcrumb","itemListElement":[{"@type":"ListItem","position":1,"name":"Portada","item":"https:\/\/brisoplants.com\/"},{"@type":"ListItem","position":2,"name":"Producci\u00f3n"}]},{"@type":"WebSite","@id":"https:\/\/brisoplants.com\/#website","url":"https:\/\/brisoplants.com\/","name":"Briso Plants","description":"Productor de cactus, suculentas y euphorbias","publisher":{"@id":"https:\/\/brisoplants.com\/#organization"},"potentialAction":[{"@type":"SearchAction","target":{"@type":"EntryPoint","urlTemplate":"https:\/\/brisoplants.com\/?s={search_term_string}"},"query-input":{"@type":"PropertyValueSpecification","valueRequired":true,"valueName":"search_term_string"}}],"inLanguage":"en-GB"},{"@type":"Organization","@id":"https:\/\/brisoplants.com\/#organization","name":"Briso Plants","url":"https:\/\/brisoplants.com\/","logo":{"@type":"ImageObject","inLanguage":"en-GB","@id":"https:\/\/brisoplants.com\/#\/schema\/logo\/image\/","url":"https:\/\/brisoplants.com\/wp-content\/uploads\/2023\/12\/logo-briso-plants.png","contentUrl":"https:\/\/brisoplants.com\/wp-content\/uploads\/2023\/12\/logo-briso-plants.png","width":1121,"height":351,"caption":"Briso Plants"},"image":{"@id":"https:\/\/brisoplants.com\/#\/schema\/logo\/image\/"}}]}},"_links":{"self":[{"href":"https:\/\/brisoplants.com\/en\/wp-json\/wp\/v2\/pages\/106","targetHints":{"allow":["GET"]}}],"collection":[{"href":"https:\/\/brisoplants.com\/en\/wp-json\/wp\/v2\/pages"}],"about":[{"href":"https:\/\/brisoplants.com\/en\/wp-json\/wp\/v2\/types\/page"}],"author":[{"embeddable":true,"href":"https:\/\/brisoplants.com\/en\/wp-json\/wp\/v2\/users\/2"}],"replies":[{"embeddable":true,"href":"https:\/\/brisoplants.com\/en\/wp-json\/wp\/v2\/comments?post=106"}],"version-history":[{"count":67,"href":"https:\/\/brisoplants.com\/en\/wp-json\/wp\/v2\/pages\/106\/revisions"}],"predecessor-version":[{"id":360,"href":"https:\/\/brisoplants.com\/en\/wp-json\/wp\/v2\/pages\/106\/revisions\/360"}],"wp:attachment":[{"href":"https:\/\/brisoplants.com\/en\/wp-json\/wp\/v2\/media?parent=106"}],"curies":[{"name":"wp","href":"https:\/\/api.w.org\/{rel}","templated":true}]}}