{"id":74,"date":"2023-12-19T10:58:43","date_gmt":"2023-12-19T09:58:43","guid":{"rendered":"http:\/\/brisoplants.com\/?page_id=74"},"modified":"2023-12-22T12:53:08","modified_gmt":"2023-12-22T11:53:08","slug":"nosotros","status":"publish","type":"page","link":"https:\/\/brisoplants.com\/en\/nosotros\/","title":{"rendered":"About Us"},"content":{"rendered":"\t\t<div data-elementor-type=\"wp-page\" data-elementor-id=\"74\" class=\"elementor elementor-74\" data-elementor-post-type=\"page\">\n\t\t\t\t<div class=\"elementor-element elementor-element-5f0dbf9 e-con-full e-flex e-con e-parent\" data-id=\"5f0dbf9\" data-element_type=\"container\" data-e-type=\"container\">\n\t\t\t\t<div class=\"elementor-element elementor-element-242a50b elementor-widget__width-initial reveal-text elementor-invisible elementor-widget elementor-widget-heading\" data-id=\"242a50b\" data-element_type=\"widget\" data-e-type=\"widget\" data-settings=\"{&quot;motion_fx_motion_fx_scrolling&quot;:&quot;yes&quot;,&quot;motion_fx_translateY_effect&quot;:&quot;yes&quot;,&quot;motion_fx_translateY_direction&quot;:&quot;negative&quot;,&quot;motion_fx_translateY_speed&quot;:{&quot;unit&quot;:&quot;px&quot;,&quot;size&quot;:2,&quot;sizes&quot;:[]},&quot;_animation&quot;:&quot;fadeIn&quot;,&quot;motion_fx_translateY_affectedRange&quot;:{&quot;unit&quot;:&quot;%&quot;,&quot;size&quot;:&quot;&quot;,&quot;sizes&quot;:{&quot;start&quot;:0,&quot;end&quot;:100}},&quot;motion_fx_devices&quot;:[&quot;desktop&quot;,&quot;tablet&quot;,&quot;mobile&quot;]}\" data-widget_type=\"heading.default\">\n\t\t\t\t<div class=\"elementor-widget-container\">\n\t\t\t\t\t<h2 class=\"elementor-heading-title elementor-size-default\">Nosotros<\/h2>\t\t\t\t<\/div>\n\t\t\t\t<\/div>\n\t\t\t\t<\/div>\n\t\t<div class=\"elementor-element elementor-element-b14b2a5 e-con-full e-flex e-con e-parent\" data-id=\"b14b2a5\" data-element_type=\"container\" data-e-type=\"container\">\n\t\t\t\t<div class=\"elementor-element elementor-element-913a66b elementor-widget__width-initial elementor-invisible elementor-widget elementor-widget-heading\" data-id=\"913a66b\" data-element_type=\"widget\" data-e-type=\"widget\" data-settings=\"{&quot;_animation&quot;:&quot;fadeInUp&quot;}\" data-widget_type=\"heading.default\">\n\t\t\t\t<div class=\"elementor-widget-container\">\n\t\t\t\t\t<h2 class=\"elementor-heading-title elementor-size-default\">Briso Plants es un productor de cactus, suculentas y euphorbias.<\/h2>\t\t\t\t<\/div>\n\t\t\t\t<\/div>\n\t\t\t\t<\/div>\n\t\t<div class=\"elementor-element elementor-element-5b5479f e-con-full e-flex e-con e-parent\" data-id=\"5b5479f\" data-element_type=\"container\" data-e-type=\"container\" data-settings=\"{&quot;background_background&quot;:&quot;classic&quot;}\">\n\t\t<div class=\"elementor-element elementor-element-95ef4a1 e-con-full e-flex e-con e-child\" data-id=\"95ef4a1\" data-element_type=\"container\" data-e-type=\"container\">\n\t\t\t\t<div class=\"elementor-element elementor-element-199edf5 reveal-text elementor-widget elementor-widget-text-editor\" data-id=\"199edf5\" data-element_type=\"widget\" data-e-type=\"widget\" data-settings=\"{&quot;motion_fx_motion_fx_scrolling&quot;:&quot;yes&quot;,&quot;motion_fx_translateY_effect&quot;:&quot;yes&quot;,&quot;motion_fx_translateY_direction&quot;:&quot;negative&quot;,&quot;motion_fx_translateY_speed&quot;:{&quot;unit&quot;:&quot;px&quot;,&quot;size&quot;:1,&quot;sizes&quot;:[]},&quot;motion_fx_translateY_affectedRange&quot;:{&quot;unit&quot;:&quot;%&quot;,&quot;size&quot;:&quot;&quot;,&quot;sizes&quot;:{&quot;start&quot;:0,&quot;end&quot;:100}},&quot;motion_fx_devices&quot;:[&quot;desktop&quot;,&quot;tablet&quot;,&quot;mobile&quot;]}\" data-widget_type=\"text-editor.default\">\n\t\t\t\t<div class=\"elementor-widget-container\">\n\t\t\t\t\t\t\t\t\tNos encontramos en la isla de <span style=\"color: #ffde59;\">Tenerife, Islas Canarias.<\/span> Garantizamos la m\u00e1s alta calidad de nuestra producci\u00f3n, con un clima \u00f3ptimo en nuestras instalaciones de cultivo y con el trabajo de un equipo profesional altamente cualificado y enfocado en la mejora continua de nuestra oferta.\t\t\t\t\t\t\t\t<\/div>\n\t\t\t\t<\/div>\n\t\t\t\t<\/div>\n\t\t<div class=\"elementor-element elementor-element-c5c9be5 e-con-full e-flex e-con e-child\" data-id=\"c5c9be5\" data-element_type=\"container\" data-e-type=\"container\">\n\t\t\t\t<div class=\"elementor-element elementor-element-e20366d agl agl-wipeCSS agl-in-duration-1000 agl-in-delay-0 agl-in-distance-1 elementor-widget elementor-widget-image\" data-id=\"e20366d\" data-element_type=\"widget\" data-e-type=\"widget\" data-settings=\"{&quot;agl_in_name&quot;:&quot;wipeCSS&quot;,&quot;agl_in_duration&quot;:{&quot;unit&quot;:&quot;ms&quot;,&quot;size&quot;:1000,&quot;sizes&quot;:[]},&quot;agl_in_delay&quot;:{&quot;unit&quot;:&quot;ms&quot;,&quot;size&quot;:0,&quot;sizes&quot;:[]},&quot;agl_in_distance&quot;:{&quot;unit&quot;:&quot;ms&quot;,&quot;size&quot;:1,&quot;sizes&quot;:[]},&quot;agl_in_repeat&quot;:&quot;no&quot;}\" data-widget_type=\"image.default\">\n\t\t\t\t<div class=\"elementor-widget-container\">\n\t\t\t\t\t\t\t\t\t\t\t\t\t\t\t<img fetchpriority=\"high\" decoding=\"async\" width=\"694\" height=\"1024\" src=\"https:\/\/brisoplants.com\/wp-content\/uploads\/2023\/12\/foto-isla-tenerife-teide-694x1024.jpg\" class=\"attachment-large size-large wp-image-85\" alt=\"\" srcset=\"https:\/\/brisoplants.com\/wp-content\/uploads\/2023\/12\/foto-isla-tenerife-teide-694x1024.jpg 694w, https:\/\/brisoplants.com\/wp-content\/uploads\/2023\/12\/foto-isla-tenerife-teide-203x300.jpg 203w, https:\/\/brisoplants.com\/wp-content\/uploads\/2023\/12\/foto-isla-tenerife-teide-768x1133.jpg 768w, https:\/\/brisoplants.com\/wp-content\/uploads\/2023\/12\/foto-isla-tenerife-teide.jpg 1017w\" sizes=\"(max-width: 694px) 100vw, 694px\" \/>\t\t\t\t\t\t\t\t\t\t\t\t\t\t\t<\/div>\n\t\t\t\t<\/div>\n\t\t\t\t<\/div>\n\t\t<div class=\"elementor-element elementor-element-c59c032 e-con-full e-flex e-con e-child\" data-id=\"c59c032\" data-element_type=\"container\" data-e-type=\"container\">\n\t\t\t\t<div class=\"elementor-element elementor-element-1cb7013 agl agl-wipeCSS agl-in-duration-1000 agl-in-delay-0 agl-in-distance-1 elementor-widget elementor-widget-image\" data-id=\"1cb7013\" data-element_type=\"widget\" data-e-type=\"widget\" data-settings=\"{&quot;agl_in_name&quot;:&quot;wipeCSS&quot;,&quot;agl_in_duration&quot;:{&quot;unit&quot;:&quot;ms&quot;,&quot;size&quot;:1000,&quot;sizes&quot;:[]},&quot;agl_in_delay&quot;:{&quot;unit&quot;:&quot;ms&quot;,&quot;size&quot;:0,&quot;sizes&quot;:[]},&quot;agl_in_distance&quot;:{&quot;unit&quot;:&quot;ms&quot;,&quot;size&quot;:1,&quot;sizes&quot;:[]},&quot;agl_in_repeat&quot;:&quot;no&quot;,&quot;agl_in_lockToScrollbar&quot;:&quot;no&quot;}\" data-widget_type=\"image.default\">\n\t\t\t\t<div class=\"elementor-widget-container\">\n\t\t\t\t\t\t\t\t\t\t\t\t\t\t\t<img decoding=\"async\" width=\"694\" height=\"1024\" src=\"https:\/\/brisoplants.com\/wp-content\/uploads\/2023\/12\/fondo-cactus-briso-plants-694x1024.jpg\" class=\"attachment-large size-large wp-image-86\" alt=\"\" srcset=\"https:\/\/brisoplants.com\/wp-content\/uploads\/2023\/12\/fondo-cactus-briso-plants-694x1024.jpg 694w, https:\/\/brisoplants.com\/wp-content\/uploads\/2023\/12\/fondo-cactus-briso-plants-203x300.jpg 203w, https:\/\/brisoplants.com\/wp-content\/uploads\/2023\/12\/fondo-cactus-briso-plants-768x1133.jpg 768w, https:\/\/brisoplants.com\/wp-content\/uploads\/2023\/12\/fondo-cactus-briso-plants.jpg 1017w\" sizes=\"(max-width: 694px) 100vw, 694px\" \/>\t\t\t\t\t\t\t\t\t\t\t\t\t\t\t<\/div>\n\t\t\t\t<\/div>\n\t\t\t\t<\/div>\n\t\t\t\t<\/div>\n\t\t<div class=\"elementor-element elementor-element-6ff8d33 e-con-full e-flex e-con e-parent\" data-id=\"6ff8d33\" data-element_type=\"container\" data-e-type=\"container\" data-settings=\"{&quot;background_background&quot;:&quot;classic&quot;}\">\n\t\t<div class=\"elementor-element elementor-element-7c55945 e-con-full e-flex e-con e-child\" data-id=\"7c55945\" data-element_type=\"container\" data-e-type=\"container\" data-settings=\"{&quot;background_background&quot;:&quot;classic&quot;,&quot;motion_fx_motion_fx_scrolling&quot;:&quot;yes&quot;,&quot;motion_fx_translateY_effect&quot;:&quot;yes&quot;,&quot;motion_fx_translateY_speed&quot;:{&quot;unit&quot;:&quot;px&quot;,&quot;size&quot;:2,&quot;sizes&quot;:[]},&quot;motion_fx_translateY_affectedRange&quot;:{&quot;unit&quot;:&quot;%&quot;,&quot;size&quot;:&quot;&quot;,&quot;sizes&quot;:{&quot;start&quot;:0,&quot;end&quot;:100}},&quot;motion_fx_devices&quot;:[&quot;desktop&quot;,&quot;tablet&quot;,&quot;mobile&quot;]}\">\n\t\t\t\t<div class=\"elementor-element elementor-element-a8a17f4 reveal-text elementor-widget elementor-widget-text-editor\" data-id=\"a8a17f4\" data-element_type=\"widget\" data-e-type=\"widget\" data-widget_type=\"text-editor.default\">\n\t\t\t\t<div class=\"elementor-widget-container\">\n\t\t\t\t\t\t\t\t\t<p>Especializados tanto en mercado <span style=\"color: #ffde59;\">local<\/span> como <span style=\"color: #ffde59;\">internacional<\/span>, realizamos env\u00edos al por menor y por mayor, cumpliendo con todas las garant\u00edas y requerimientos aduaneros.<\/p>\t\t\t\t\t\t\t\t<\/div>\n\t\t\t\t<\/div>\n\t\t\t\t<\/div>\n\t\t\t\t<\/div>\n\t\t\t\t<\/div>\n\t\t","protected":false},"excerpt":{"rendered":"<p>Nosotros Briso Plants es un productor de cactus, suculentas y euphorbias. Nos encontramos en la isla de Tenerife, Islas Canarias. Garantizamos la m\u00e1s alta calidad de nuestra producci\u00f3n, con un clima \u00f3ptimo en nuestras instalaciones de cultivo y con el trabajo de un equipo profesional altamente cualificado y enfocado en la mejora continua de nuestra [&hellip;]<\/p>\n","protected":false},"author":2,"featured_media":0,"parent":0,"menu_order":0,"comment_status":"closed","ping_status":"closed","template":"","meta":{"footnotes":""},"class_list":["post-74","page","type-page","status-publish","hentry"],"yoast_head":"<!-- This site is optimized with the Yoast SEO plugin v27.5 - https:\/\/yoast.com\/product\/yoast-seo-wordpress\/ -->\n<title>Nosotros - Briso Plants<\/title>\n<meta name=\"robots\" content=\"index, follow, max-snippet:-1, max-image-preview:large, max-video-preview:-1\" \/>\n<link rel=\"canonical\" href=\"https:\/\/brisoplants.com\/en\/nosotros\/\" \/>\n<meta property=\"og:locale\" content=\"en_GB\" \/>\n<meta property=\"og:type\" content=\"article\" \/>\n<meta property=\"og:title\" content=\"Nosotros - Briso Plants\" \/>\n<meta property=\"og:description\" content=\"Nosotros Briso Plants es un productor de cactus, suculentas y euphorbias. Nos encontramos en la isla de Tenerife, Islas Canarias. Garantizamos la m\u00e1s alta calidad de nuestra producci\u00f3n, con un clima \u00f3ptimo en nuestras instalaciones de cultivo y con el trabajo de un equipo profesional altamente cualificado y enfocado en la mejora continua de nuestra [&hellip;]\" \/>\n<meta property=\"og:url\" content=\"https:\/\/brisoplants.com\/en\/nosotros\/\" \/>\n<meta property=\"og:site_name\" content=\"Briso Plants\" \/>\n<meta property=\"article:modified_time\" content=\"2023-12-22T11:53:08+00:00\" \/>\n<meta property=\"og:image\" content=\"https:\/\/brisoplants.com\/wp-content\/uploads\/2023\/12\/foto-isla-tenerife-teide-694x1024.jpg\" \/>\n<meta name=\"twitter:card\" content=\"summary_large_image\" \/>\n<meta name=\"twitter:label1\" content=\"Estimated reading time\" \/>\n\t<meta name=\"twitter:data1\" content=\"1 minute\" \/>\n<script type=\"application\/ld+json\" class=\"yoast-schema-graph\">{\"@context\":\"https:\\\/\\\/schema.org\",\"@graph\":[{\"@type\":\"WebPage\",\"@id\":\"https:\\\/\\\/brisoplants.com\\\/nosotros\\\/\",\"url\":\"https:\\\/\\\/brisoplants.com\\\/nosotros\\\/\",\"name\":\"Nosotros - Briso Plants\",\"isPartOf\":{\"@id\":\"https:\\\/\\\/brisoplants.com\\\/#website\"},\"primaryImageOfPage\":{\"@id\":\"https:\\\/\\\/brisoplants.com\\\/nosotros\\\/#primaryimage\"},\"image\":{\"@id\":\"https:\\\/\\\/brisoplants.com\\\/nosotros\\\/#primaryimage\"},\"thumbnailUrl\":\"https:\\\/\\\/brisoplants.com\\\/wp-content\\\/uploads\\\/2023\\\/12\\\/foto-isla-tenerife-teide-694x1024.jpg\",\"datePublished\":\"2023-12-19T09:58:43+00:00\",\"dateModified\":\"2023-12-22T11:53:08+00:00\",\"breadcrumb\":{\"@id\":\"https:\\\/\\\/brisoplants.com\\\/nosotros\\\/#breadcrumb\"},\"inLanguage\":\"en-GB\",\"potentialAction\":[{\"@type\":\"ReadAction\",\"target\":[\"https:\\\/\\\/brisoplants.com\\\/nosotros\\\/\"]}]},{\"@type\":\"ImageObject\",\"inLanguage\":\"en-GB\",\"@id\":\"https:\\\/\\\/brisoplants.com\\\/nosotros\\\/#primaryimage\",\"url\":\"https:\\\/\\\/brisoplants.com\\\/wp-content\\\/uploads\\\/2023\\\/12\\\/foto-isla-tenerife-teide-694x1024.jpg\",\"contentUrl\":\"https:\\\/\\\/brisoplants.com\\\/wp-content\\\/uploads\\\/2023\\\/12\\\/foto-isla-tenerife-teide-694x1024.jpg\"},{\"@type\":\"BreadcrumbList\",\"@id\":\"https:\\\/\\\/brisoplants.com\\\/nosotros\\\/#breadcrumb\",\"itemListElement\":[{\"@type\":\"ListItem\",\"position\":1,\"name\":\"Portada\",\"item\":\"https:\\\/\\\/brisoplants.com\\\/\"},{\"@type\":\"ListItem\",\"position\":2,\"name\":\"Nosotros\"}]},{\"@type\":\"WebSite\",\"@id\":\"https:\\\/\\\/brisoplants.com\\\/#website\",\"url\":\"https:\\\/\\\/brisoplants.com\\\/\",\"name\":\"Briso Plants\",\"description\":\"Productor de cactus, suculentas y euphorbias\",\"publisher\":{\"@id\":\"https:\\\/\\\/brisoplants.com\\\/#organization\"},\"potentialAction\":[{\"@type\":\"SearchAction\",\"target\":{\"@type\":\"EntryPoint\",\"urlTemplate\":\"https:\\\/\\\/brisoplants.com\\\/?s={search_term_string}\"},\"query-input\":{\"@type\":\"PropertyValueSpecification\",\"valueRequired\":true,\"valueName\":\"search_term_string\"}}],\"inLanguage\":\"en-GB\"},{\"@type\":\"Organization\",\"@id\":\"https:\\\/\\\/brisoplants.com\\\/#organization\",\"name\":\"Briso Plants\",\"url\":\"https:\\\/\\\/brisoplants.com\\\/\",\"logo\":{\"@type\":\"ImageObject\",\"inLanguage\":\"en-GB\",\"@id\":\"https:\\\/\\\/brisoplants.com\\\/#\\\/schema\\\/logo\\\/image\\\/\",\"url\":\"https:\\\/\\\/brisoplants.com\\\/wp-content\\\/uploads\\\/2023\\\/12\\\/logo-briso-plants.png\",\"contentUrl\":\"https:\\\/\\\/brisoplants.com\\\/wp-content\\\/uploads\\\/2023\\\/12\\\/logo-briso-plants.png\",\"width\":1121,\"height\":351,\"caption\":\"Briso Plants\"},\"image\":{\"@id\":\"https:\\\/\\\/brisoplants.com\\\/#\\\/schema\\\/logo\\\/image\\\/\"}}]}<\/script>\n<!-- \/ Yoast SEO plugin. -->","yoast_head_json":{"title":"Nosotros - Briso Plants","robots":{"index":"index","follow":"follow","max-snippet":"max-snippet:-1","max-image-preview":"max-image-preview:large","max-video-preview":"max-video-preview:-1"},"canonical":"https:\/\/brisoplants.com\/en\/nosotros\/","og_locale":"en_GB","og_type":"article","og_title":"Nosotros - Briso Plants","og_description":"Nosotros Briso Plants es un productor de cactus, suculentas y euphorbias. Nos encontramos en la isla de Tenerife, Islas Canarias. Garantizamos la m\u00e1s alta calidad de nuestra producci\u00f3n, con un clima \u00f3ptimo en nuestras instalaciones de cultivo y con el trabajo de un equipo profesional altamente cualificado y enfocado en la mejora continua de nuestra [&hellip;]","og_url":"https:\/\/brisoplants.com\/en\/nosotros\/","og_site_name":"Briso Plants","article_modified_time":"2023-12-22T11:53:08+00:00","og_image":[{"url":"https:\/\/brisoplants.com\/wp-content\/uploads\/2023\/12\/foto-isla-tenerife-teide-694x1024.jpg","type":"","width":"","height":""}],"twitter_card":"summary_large_image","twitter_misc":{"Estimated reading time":"1 minute"},"schema":{"@context":"https:\/\/schema.org","@graph":[{"@type":"WebPage","@id":"https:\/\/brisoplants.com\/nosotros\/","url":"https:\/\/brisoplants.com\/nosotros\/","name":"Nosotros - Briso Plants","isPartOf":{"@id":"https:\/\/brisoplants.com\/#website"},"primaryImageOfPage":{"@id":"https:\/\/brisoplants.com\/nosotros\/#primaryimage"},"image":{"@id":"https:\/\/brisoplants.com\/nosotros\/#primaryimage"},"thumbnailUrl":"https:\/\/brisoplants.com\/wp-content\/uploads\/2023\/12\/foto-isla-tenerife-teide-694x1024.jpg","datePublished":"2023-12-19T09:58:43+00:00","dateModified":"2023-12-22T11:53:08+00:00","breadcrumb":{"@id":"https:\/\/brisoplants.com\/nosotros\/#breadcrumb"},"inLanguage":"en-GB","potentialAction":[{"@type":"ReadAction","target":["https:\/\/brisoplants.com\/nosotros\/"]}]},{"@type":"ImageObject","inLanguage":"en-GB","@id":"https:\/\/brisoplants.com\/nosotros\/#primaryimage","url":"https:\/\/brisoplants.com\/wp-content\/uploads\/2023\/12\/foto-isla-tenerife-teide-694x1024.jpg","contentUrl":"https:\/\/brisoplants.com\/wp-content\/uploads\/2023\/12\/foto-isla-tenerife-teide-694x1024.jpg"},{"@type":"BreadcrumbList","@id":"https:\/\/brisoplants.com\/nosotros\/#breadcrumb","itemListElement":[{"@type":"ListItem","position":1,"name":"Portada","item":"https:\/\/brisoplants.com\/"},{"@type":"ListItem","position":2,"name":"Nosotros"}]},{"@type":"WebSite","@id":"https:\/\/brisoplants.com\/#website","url":"https:\/\/brisoplants.com\/","name":"Briso Plants","description":"Productor de cactus, suculentas y euphorbias","publisher":{"@id":"https:\/\/brisoplants.com\/#organization"},"potentialAction":[{"@type":"SearchAction","target":{"@type":"EntryPoint","urlTemplate":"https:\/\/brisoplants.com\/?s={search_term_string}"},"query-input":{"@type":"PropertyValueSpecification","valueRequired":true,"valueName":"search_term_string"}}],"inLanguage":"en-GB"},{"@type":"Organization","@id":"https:\/\/brisoplants.com\/#organization","name":"Briso Plants","url":"https:\/\/brisoplants.com\/","logo":{"@type":"ImageObject","inLanguage":"en-GB","@id":"https:\/\/brisoplants.com\/#\/schema\/logo\/image\/","url":"https:\/\/brisoplants.com\/wp-content\/uploads\/2023\/12\/logo-briso-plants.png","contentUrl":"https:\/\/brisoplants.com\/wp-content\/uploads\/2023\/12\/logo-briso-plants.png","width":1121,"height":351,"caption":"Briso Plants"},"image":{"@id":"https:\/\/brisoplants.com\/#\/schema\/logo\/image\/"}}]}},"_links":{"self":[{"href":"https:\/\/brisoplants.com\/en\/wp-json\/wp\/v2\/pages\/74","targetHints":{"allow":["GET"]}}],"collection":[{"href":"https:\/\/brisoplants.com\/en\/wp-json\/wp\/v2\/pages"}],"about":[{"href":"https:\/\/brisoplants.com\/en\/wp-json\/wp\/v2\/types\/page"}],"author":[{"embeddable":true,"href":"https:\/\/brisoplants.com\/en\/wp-json\/wp\/v2\/users\/2"}],"replies":[{"embeddable":true,"href":"https:\/\/brisoplants.com\/en\/wp-json\/wp\/v2\/comments?post=74"}],"version-history":[{"count":58,"href":"https:\/\/brisoplants.com\/en\/wp-json\/wp\/v2\/pages\/74\/revisions"}],"predecessor-version":[{"id":386,"href":"https:\/\/brisoplants.com\/en\/wp-json\/wp\/v2\/pages\/74\/revisions\/386"}],"wp:attachment":[{"href":"https:\/\/brisoplants.com\/en\/wp-json\/wp\/v2\/media?parent=74"}],"curies":[{"name":"wp","href":"https:\/\/api.w.org\/{rel}","templated":true}]}}